{"id":89,"date":"2011-08-24T18:20:01","date_gmt":"2011-08-24T16:20:01","guid":{"rendered":"http:\/\/birgits-blog.net\/?page_id=89"},"modified":"2011-11-11T10:45:35","modified_gmt":"2011-11-11T08:45:35","slug":"die-info-ecke","status":"publish","type":"page","link":"http:\/\/birgits-blog.net\/?page_id=89","title":{"rendered":"Die Info-Ecke"},"content":{"rendered":"<p>Hier versuche ich mal nach und nach ein paar (wie ich finde) ganz interessante Basiskenntnisse, Aspekte und Ans\u00e4tze zum Thema \u201eFeldbau\u201c und \u201e\u00d6kologische Landwirtschaft\u201c zusammenzutragen und n\u00e4her zu beleuchten.<\/p>\n<p>Da das hier eher mein pers\u00f6nliches Wissen und meine Gedanken dazu wiederspiegelt und nicht einer wissenschaftlichen Arbeit entspricht, bitte ich \u00fcber die informelle Gestaltung und m\u00f6gliche L\u00fccken oder fehlerhafte Ausdr\u00fccke hinwegzusehen.<br \/>\nIch erhebe also keinen Anspruch auf wissenschaftliche Korrektheit. Wo ich auf Quellen zur\u00fcckgreife oder mich an diese erinnern kann, gebe ich sie an.<br \/>\nAuch versuche ich f\u00fcr Interessierte ein paar weiterf\u00fchrende Links einflie\u00dfen zu lassen. Viele Aspekte sind extrem umfangreich und andere Menschen haben von der Materie nicht nur viel mehr Ahnung als ich sondern k\u00f6nnen das Ganze auch noch besser erkl\u00e4ren^^<\/p>\n<p>Des Weiteren freue ich mich nat\u00fcrlich immer \u00fcber fundierte und konstruktive Kritik sowie neue Denkanst\u00f6\u00dfe. Fragen sind nat\u00fcrlich auch erlaubt \ud83d\ude09<\/p>\n","protected":false},"excerpt":{"rendered":"<p>Hier versuche ich mal nach und nach ein paar (wie ich finde) ganz interessante Basiskenntnisse, Aspekte und Ans\u00e4tze zum Thema \u201eFeldbau\u201c und \u201e\u00d6kologische Landwirtschaft\u201c zusammenzutragen und n\u00e4her zu beleuchten. Da das hier eher mein pers\u00f6nliches Wissen und meine Gedanken dazu wiederspiegelt und nicht einer wissenschaftlichen Arbeit entspricht, bitte ich \u00fcber die informelle Gestaltung und m\u00f6gliche [&hellip;]<\/p>\n","protected":false},"author":1,"featured_media":0,"parent":0,"menu_order":3,"comment_status":"open","ping_status":"open","template":"","meta":[],"_links":{"self":[{"href":"http:\/\/birgits-blog.net\/index.php?rest_route=\/wp\/v2\/pages\/89"}],"collection":[{"href":"http:\/\/birgits-blog.net\/index.php?rest_route=\/wp\/v2\/pages"}],"about":[{"href":"http:\/\/birgits-blog.net\/index.php?rest_route=\/wp\/v2\/types\/page"}],"author":[{"embeddable":true,"href":"http:\/\/birgits-blog.net\/index.php?rest_route=\/wp\/v2\/users\/1"}],"replies":[{"embeddable":true,"href":"http:\/\/birgits-blog.net\/index.php?rest_route=%2Fwp%2Fv2%2Fcomments&post=89"}],"version-history":[{"count":5,"href":"http:\/\/birgits-blog.net\/index.php?rest_route=\/wp\/v2\/pages\/89\/revisions"}],"predecessor-version":[{"id":323,"href":"http:\/\/birgits-blog.net\/index.php?rest_route=\/wp\/v2\/pages\/89\/revisions\/323"}],"wp:attachment":[{"href":"http:\/\/birgits-blog.net\/index.php?rest_route=%2Fwp%2Fv2%2Fmedia&parent=89"}],"curies":[{"name":"wp","href":"https:\/\/api.w.org\/{rel}","templated":true}]}}