{"id":87,"date":"2011-08-24T18:16:03","date_gmt":"2011-08-24T16:16:03","guid":{"rendered":"http:\/\/birgits-blog.net\/?page_id=87"},"modified":"2011-11-11T10:45:35","modified_gmt":"2011-11-11T08:45:35","slug":"im-ecocentro-das-projekt","status":"publish","type":"page","link":"http:\/\/birgits-blog.net\/?page_id=87","title":{"rendered":"Im Ecocentro &#8211; das Projekt"},"content":{"rendered":"<p><img loading=\"lazy\" alt=\"\" src=\"http:\/\/www.regenwald-peru.de\/Images\/Ecocenter.jpg\" title=\"Eingang zum Ecocentro\" class=\"alignnone\" width=\"512\" height=\"198\" \/><\/p>\n<p>So ungef\u00e4hr lief in den vergangenen Monaten das ein- oder andere Gespr\u00e4ch ab:<\/p>\n<p>\u201eNach Per\u00fa also\u2026 Spannend! Was machst du denn da?\u201c<\/p>\n<p>\u201eIch arbeite in einem Zentrum zur F\u00f6rderung \u00f6kologischer Landwirtschaft. Da werden Musterparzellen angelegt und man versucht, die Bauern der Umgebung von den Vorteilen der \u00f6kologischen Landwirtschaft zu \u00fcberzeugen.\u201c<\/p>\n<p>\u201eAch so. Und was machst du dann da so? Unkraut j\u00e4ten?\u201c<\/p>\n<p>Um ehrlich zu sein, ich habe keine Ahnung\u2026 Obwohl ich mich schon so viel mit dem Auslandsjahr besch\u00e4ftigt habe und mir von Per\u00fa und dem Projekt viel erz\u00e4hlt und gezeigt wurde, kann ich mir immer noch nicht recht vorstellen, was mich nun eigentlich erwartet.<br \/>\nDieser Rubrik werde ich also wohl erst ab dem 28. August lamgsam Leben einhauchen k\u00f6nnen.<br \/>\nF\u00fcr alle, die es trozdem nicht abwarten k\u00f6nnen, hier die Adresse der Homepage des \u00d6kozentrums:<\/p>\n<blockquote class=\"wp-embedded-content\" data-secret=\"kSre6ejRln\"><p><a href=\"http:\/\/regenwald-peru.de\/\">Regenwald<\/a><\/p><\/blockquote>\n<p><iframe title=\"&#8222;Regenwald&#8220; &#8212; Regenwald Peru\" class=\"wp-embedded-content\" sandbox=\"allow-scripts\" security=\"restricted\" style=\"position: absolute; clip: rect(1px, 1px, 1px, 1px);\" src=\"http:\/\/regenwald-peru.de\/embed#?secret=kSre6ejRln\" data-secret=\"kSre6ejRln\" width=\"500\" height=\"282\" frameborder=\"0\" marginwidth=\"0\" marginheight=\"0\" scrolling=\"no\"><\/iframe><\/p>\n<p>`^-^\u00b4<br \/>\nNun sind seit meiner Ankunft mittlerweile ein paar Wochen ins Land gegangen und ich denke es ist an der Zeit auch mal was \u00fcber die eigentliche Arbeit im Projekt zu schreiben. Zugegebener ma\u00dfen hat es ein wenig gedauert, bis ich verstand, was das Ecocentro so macht und was wir eigentlich das Jahr \u00fcber machen sollen. Das lag aber nicht zuletzt auch an der extrem d\u00fcrren und hei\u00dfen Trockenzeit, in der auf den Feldern und auf dem Gartengel\u00e4nde faktisch nichts gemacht wurde. Zum Arbeiten war es zu hei\u00df, f\u00fcr das Unkraut aber auch und f\u00fcr die Aussaat neuer Pflanzen sowieso.<br \/>\nIn den letzten zwei Wochen hat es aber sehr h\u00e4ufig geregnet und die Luft wurde etwas k\u00fchler, sodass es endlich losgehen konnte.<\/p>\n<p><a href=\"http:\/\/birgits-blog.net\/wp-content\/uploads\/2011\/11\/Werkzeug.jpg\"><img loading=\"lazy\" src=\"http:\/\/birgits-blog.net\/wp-content\/uploads\/2011\/11\/Werkzeug-300x225.jpg\" alt=\"\" title=\"Werkzeug\" width=\"300\" height=\"225\" class=\"aligncenter size-medium wp-image-268\" srcset=\"http:\/\/birgits-blog.net\/wp-content\/uploads\/2011\/11\/Werkzeug-300x225.jpg 300w, http:\/\/birgits-blog.net\/wp-content\/uploads\/2011\/11\/Werkzeug-1024x768.jpg 1024w\" sizes=\"(max-width: 300px) 100vw, 300px\" \/><\/a><\/p>\n","protected":false},"excerpt":{"rendered":"<p>So ungef\u00e4hr lief in den vergangenen Monaten das ein- oder andere Gespr\u00e4ch ab: \u201eNach Per\u00fa also\u2026 Spannend! Was machst du denn da?\u201c \u201eIch arbeite in einem Zentrum zur F\u00f6rderung \u00f6kologischer Landwirtschaft. Da werden Musterparzellen angelegt und man versucht, die Bauern der Umgebung von den Vorteilen der \u00f6kologischen Landwirtschaft zu \u00fcberzeugen.\u201c \u201eAch so. Und was machst [&hellip;]<\/p>\n","protected":false},"author":1,"featured_media":0,"parent":0,"menu_order":2,"comment_status":"open","ping_status":"open","template":"","meta":[],"_links":{"self":[{"href":"http:\/\/birgits-blog.net\/index.php?rest_route=\/wp\/v2\/pages\/87"}],"collection":[{"href":"http:\/\/birgits-blog.net\/index.php?rest_route=\/wp\/v2\/pages"}],"about":[{"href":"http:\/\/birgits-blog.net\/index.php?rest_route=\/wp\/v2\/types\/page"}],"author":[{"embeddable":true,"href":"http:\/\/birgits-blog.net\/index.php?rest_route=\/wp\/v2\/users\/1"}],"replies":[{"embeddable":true,"href":"http:\/\/birgits-blog.net\/index.php?rest_route=%2Fwp%2Fv2%2Fcomments&post=87"}],"version-history":[{"count":15,"href":"http:\/\/birgits-blog.net\/index.php?rest_route=\/wp\/v2\/pages\/87\/revisions"}],"predecessor-version":[{"id":322,"href":"http:\/\/birgits-blog.net\/index.php?rest_route=\/wp\/v2\/pages\/87\/revisions\/322"}],"wp:attachment":[{"href":"http:\/\/birgits-blog.net\/index.php?rest_route=%2Fwp%2Fv2%2Fmedia&parent=87"}],"curies":[{"name":"wp","href":"https:\/\/api.w.org\/{rel}","templated":true}]}}