{"id":50,"date":"2011-07-14T21:01:45","date_gmt":"2011-07-14T21:01:45","guid":{"rendered":"http:\/\/birgits-blog.net\/?page_id=50"},"modified":"2011-08-24T18:11:05","modified_gmt":"2011-08-24T16:11:05","slug":"bloginfo","status":"publish","type":"page","link":"http:\/\/birgits-blog.net\/?page_id=50","title":{"rendered":"Mediadaten &#038; Impressum"},"content":{"rendered":"<h1 style=\"text-align: left;\"><span style=\"color: #000000;\"><strong>Mediadaten<\/strong><\/span><\/h1>\n<p>&nbsp;<\/p>\n<p><span style=\"color: #000000;\"><strong><br \/>\n<\/strong><\/span><\/p>\n<p><a href=\"http:\/\/s09.flagcounter.com\/more\/CO18\"><img src=\"http:\/\/s09.flagcounter.com\/map\/CO18\/size=m\/txt=000000\/border=14630B\/pageviews=1\/viewers=Besucher\/\" border=\"0\" alt=\"free counters\" \/><\/a><\/p>\n<p><a href=\"http:\/\/www.wieistmeineip.de\/cometo\/?de\"><img loading=\"lazy\" src=\"http:\/\/www.wieistmeineip.de\/ip-adresse\/?size=468x60\" border=\"0\" alt=\"IP\" width=\"468\" height=\"60\" \/><\/a><\/p>\n<p><!-- TAGTT CLOCK BEGIN CODE --><br \/>\n<a id=\"ttcoml\" title=\"Tagebuch\" href=\"http:\/\/www.tagtt.com\/\">Tagebuch<\/a><br \/>\n<script type=\"text\/javascript\">\/\/ <![CDATA[\n\/* <![CDATA[ *\/ var ttt_utc = \"pc\"; var ttt_ctyp = \"digital\"; var ttt_lang = \"de\"; var ttt_size = \"151x73\"; var ttt_padding = 4; var ttt_textpadding = 6; var ttt_font = \"Bradley Hand ITC\"; var ttt_fonttypo = 0; var ttt_fontcolor = \"#FFFFFF\"; var ttt_backgroundtyp = 17; var ttt_backgroundcolor = \"#336600\"; var ttt_timeformat = 24; var ttt_dateformat = \"full\"; var ttt_protocol = ((document.location.protocol == \"https:\")?\"https\":\"http\"); \/*  *\/ document.write(unescape('%3Cscript type=\"text\/javascript\" src=\"'+ttt_protocol+':\/\/www.tagtt.com\/clock\/scripts\/clock.js\"%3E%3C\/script%3E'));\n\/\/ ]]><\/script><\/p>\n<p>&nbsp;<\/p>\n<div id=\"clustrmaps-widget\"><\/div>\n<p><script type=\"text\/javascript\">var _clustrmaps = {'url' : 'http:\/\/birgits-blog.net\/', 'user' : 908510, 'server' : '2', 'id' : 'clustrmaps-widget', 'version' : 1, 'date' : '2011-07-10', 'lang' : 'en' };(function (){ var s = document.createElement('script'); s.type = 'text\/javascript'; s.async = true; s.src = 'http:\/\/www2.clustrmaps.com\/counter\/map.js'; var x = document.getElementsByTagName('script')[0]; x.parentNode.insertBefore(s, x);})();<\/script><noscript><a href=\"http:\/\/www2.clustrmaps.com\/user\/c33ddcde\"><img src=\"http:\/\/www2.clustrmaps.com\/stats\/maps-no_clusters\/birgits-blog.net--thumb.jpg\" alt=\"Locations of visitors to this page\" \/><\/a><\/noscript><\/p>\n<h1 style=\"text-align: left;\"><span style=\"color: #000000;\"><strong>Impressum<\/strong><\/span><\/h1>\n<p>&nbsp;<\/p>\n<p><span style=\"color: #000000;\"><strong><br \/>\n<\/strong><\/span><\/p>\n<p>Seitenbetreiber &amp; inhaltlich Verantwortliche:<br \/>\nB.B.<\/p>\n<p>Domaininhaber &amp; technischer Admin:<br \/>\nMerlin M.Ostermann<\/p>\n<p>Merveldstr.8<br \/>\n45772 Marl<br \/>\nDeutschland<\/p>\n<p>&nbsp;<\/p>\n<h1 style=\"text-align: left;\"><span style=\"color: #000000;\"><strong>Rechtlicher Hinweis<\/strong><\/span><\/h1>\n<p>&nbsp;<\/p>\n<p><span style=\"color: #000000;\"><strong><br \/>\n<\/strong><\/span><\/p>\n<p>Alle verwendeten Fotos, Grafiken, Texte und sonstigen Bestandteile dieser Website unterliegen dem Copyright von Birgits Blog und sind Eigentum von Birgits Blog.<\/p>\n<p>Die private oder gewerbliche Verwendung von Inhalten jeglicher Art bedarf der vorherigen Zustimmung von Birgits Blog.<\/p>\n<p>Die Inhalte unserer Internetseiten werden sorgf\u00e4ltig gepr\u00fcft. Eine Garantie f\u00fcr die Vollst\u00e4ndigkeit, Richtigkeit und letzte Aktualit\u00e4t kann jedoch nicht \u00fcbernommen werden.<\/p>\n<p>Birgits Blog ist f\u00fcr den Inhalt von Websites, auf die von unseren Seiten verlinkt wird, nicht verantwortlich. Der Verweis mittels Hyperlink stellt auch keine Empfehlung dieser Websites oder der sie betreibenden Unternehmen oder ihrer Produkte durch uns dar.<\/p>\n<p>Haftungsanspr\u00fcche, die durch die Nutzung unseres Internetangebotes verursacht werden, sind ausgeschlossen, sofern wir nicht vors\u00e4tzlich oder grob fahrl\u00e4ssig gehandelt haben. Des weiteren beh\u00e4lt sich Birgits Blog das Recht vor, \u00c4nderungen oder Erg\u00e4nzungen der bereitgestellten Informationen vorzunehmen.<\/p>\n","protected":false},"excerpt":{"rendered":"<p>Mediadaten &nbsp; Tagebuch &nbsp; Impressum &nbsp; Seitenbetreiber &amp; inhaltlich Verantwortliche: B.B. Domaininhaber &amp; technischer Admin: Merlin M.Ostermann Merveldstr.8 45772 Marl Deutschland &nbsp; Rechtlicher Hinweis &nbsp; Alle verwendeten Fotos, Grafiken, Texte und sonstigen Bestandteile dieser Website unterliegen dem Copyright von Birgits Blog und sind Eigentum von Birgits Blog. Die private oder gewerbliche Verwendung von Inhalten jeglicher [&hellip;]<\/p>\n","protected":false},"author":1,"featured_media":0,"parent":0,"menu_order":12,"comment_status":"closed","ping_status":"open","template":"","meta":[],"_links":{"self":[{"href":"http:\/\/birgits-blog.net\/index.php?rest_route=\/wp\/v2\/pages\/50"}],"collection":[{"href":"http:\/\/birgits-blog.net\/index.php?rest_route=\/wp\/v2\/pages"}],"about":[{"href":"http:\/\/birgits-blog.net\/index.php?rest_route=\/wp\/v2\/types\/page"}],"author":[{"embeddable":true,"href":"http:\/\/birgits-blog.net\/index.php?rest_route=\/wp\/v2\/users\/1"}],"replies":[{"embeddable":true,"href":"http:\/\/birgits-blog.net\/index.php?rest_route=%2Fwp%2Fv2%2Fcomments&post=50"}],"version-history":[{"count":10,"href":"http:\/\/birgits-blog.net\/index.php?rest_route=\/wp\/v2\/pages\/50\/revisions"}],"predecessor-version":[{"id":84,"href":"http:\/\/birgits-blog.net\/index.php?rest_route=\/wp\/v2\/pages\/50\/revisions\/84"}],"wp:attachment":[{"href":"http:\/\/birgits-blog.net\/index.php?rest_route=%2Fwp%2Fv2%2Fmedia&parent=50"}],"curies":[{"name":"wp","href":"https:\/\/api.w.org\/{rel}","templated":true}]}}