{"id":311,"date":"2011-11-01T20:41:33","date_gmt":"2011-11-01T18:41:33","guid":{"rendered":"http:\/\/birgits-blog.net\/?page_id=311"},"modified":"2011-11-11T10:45:36","modified_gmt":"2011-11-11T08:45:36","slug":"links","status":"publish","type":"page","link":"http:\/\/birgits-blog.net\/?page_id=311","title":{"rendered":"Links"},"content":{"rendered":"<p>Hier ein paar Links<\/p>\n<p>Die Organisation, der ich verdanke, dass ich hier bin &#8211; das Welthaus Bielefeld<br \/>\nhttp:\/\/www.welthaus.de\/<\/p>\n<p>Die Seite von meinem Projekt<\/p>\n<blockquote class=\"wp-embedded-content\" data-secret=\"2rKNbOMxhm\"><p><a href=\"http:\/\/regenwald-peru.de\/\">Regenwald<\/a><\/p><\/blockquote>\n<p><iframe title=\"&#8222;Regenwald&#8220; &#8212; Regenwald Peru\" class=\"wp-embedded-content\" sandbox=\"allow-scripts\" security=\"restricted\" style=\"position: absolute; clip: rect(1px, 1px, 1px, 1px);\" src=\"http:\/\/regenwald-peru.de\/embed#?secret=2rKNbOMxhm\" data-secret=\"2rKNbOMxhm\" width=\"500\" height=\"282\" frameborder=\"0\" marginwidth=\"0\" marginheight=\"0\" scrolling=\"no\"><\/iframe><\/p>\n<p>Rettet den Regenwald, eine Organisation, die f\u00fcr den Regenwald k\u00e4mpft und an deren Protesten ich mich schon l\u00e4nger beteilige<br \/>\nhttp:\/\/www.regenwald.org\/<\/p>\n<p>Der Blog vom Gustav, einem Freund, der auch gerade in Peru im Regenwald steckt (Pucallpa, etwas n\u00f6rdlich von mir)<br \/>\nhttp:\/\/ecojedi.tumblr.com\/<\/p>\n","protected":false},"excerpt":{"rendered":"<p>Hier ein paar Links Die Organisation, der ich verdanke, dass ich hier bin &#8211; das Welthaus Bielefeld http:\/\/www.welthaus.de\/ Die Seite von meinem Projekt Regenwald Rettet den Regenwald, eine Organisation, die f\u00fcr den Regenwald k\u00e4mpft und an deren Protesten ich mich schon l\u00e4nger beteilige http:\/\/www.regenwald.org\/ Der Blog vom Gustav, einem Freund, der auch gerade in Peru [&hellip;]<\/p>\n","protected":false},"author":1,"featured_media":0,"parent":0,"menu_order":7,"comment_status":"open","ping_status":"open","template":"","meta":[],"_links":{"self":[{"href":"http:\/\/birgits-blog.net\/index.php?rest_route=\/wp\/v2\/pages\/311"}],"collection":[{"href":"http:\/\/birgits-blog.net\/index.php?rest_route=\/wp\/v2\/pages"}],"about":[{"href":"http:\/\/birgits-blog.net\/index.php?rest_route=\/wp\/v2\/types\/page"}],"author":[{"embeddable":true,"href":"http:\/\/birgits-blog.net\/index.php?rest_route=\/wp\/v2\/users\/1"}],"replies":[{"embeddable":true,"href":"http:\/\/birgits-blog.net\/index.php?rest_route=%2Fwp%2Fv2%2Fcomments&post=311"}],"version-history":[{"count":2,"href":"http:\/\/birgits-blog.net\/index.php?rest_route=\/wp\/v2\/pages\/311\/revisions"}],"predecessor-version":[{"id":327,"href":"http:\/\/birgits-blog.net\/index.php?rest_route=\/wp\/v2\/pages\/311\/revisions\/327"}],"wp:attachment":[{"href":"http:\/\/birgits-blog.net\/index.php?rest_route=%2Fwp%2Fv2%2Fmedia&parent=311"}],"curies":[{"name":"wp","href":"https:\/\/api.w.org\/{rel}","templated":true}]}}