{"id":276,"date":"2011-11-01T18:46:19","date_gmt":"2011-11-01T16:46:19","guid":{"rendered":"http:\/\/birgits-blog.net\/?page_id=276"},"modified":"2011-11-01T18:46:19","modified_gmt":"2011-11-01T16:46:19","slug":"die-zierpflanzen-im-okozentrum","status":"publish","type":"page","link":"http:\/\/birgits-blog.net\/?page_id=276","title":{"rendered":"Die Zierpflanzen im \u00d6kozentrum"},"content":{"rendered":"<p>Nebenbei haben wir auf dem Gel\u00e4nde des \u00d6kozentrums noch ein anderes kleines Projekt angefangen oder eher wieder aufleben lassen. Es gibt hier n\u00e4mlich ein abgetrenntes Beetst\u00fcck, wo Menschen im Zuge eines Regierungsprojektes Zierpflanzen angepflanzt haben. Nachdem die Regierung wechselte wurde hier aber leider alles stehen und liegen gelassen und die Pflanzen bekamen schon Platzangst in ihren kleinen schwarzen T\u00fcten oder vertrockneten einfach. Da die Pflanzen aber eigentlich ganz h\u00fcbsch sind und ja f\u00fcr die Regierung nichts k\u00f6nnen, wollte Luis an den Beeten weiterarbeiten \u2013 zudem lassen sie sich ja auch noch verkaufen. Das hat er auch schon mit ein paar gemacht. F\u00fcr die \u00fcbrigen machen wir gerade ein bisschen Raum (das hei\u00dft wieder Gestr\u00fcpp zerhackst\u00fccken), um sie in richtige Erde zu bringen. Danach haben wir dann in dem Gartenst\u00fcck platz um neue Pflanzen zu ziehen. Dazu dann mehr, wenn es soweit ist\u2026<\/p>\n","protected":false},"excerpt":{"rendered":"<p>Nebenbei haben wir auf dem Gel\u00e4nde des \u00d6kozentrums noch ein anderes kleines Projekt angefangen oder eher wieder aufleben lassen. Es gibt hier n\u00e4mlich ein abgetrenntes Beetst\u00fcck, wo Menschen im Zuge eines Regierungsprojektes Zierpflanzen angepflanzt haben. Nachdem die Regierung wechselte wurde hier aber leider alles stehen und liegen gelassen und die Pflanzen bekamen schon Platzangst in [&hellip;]<\/p>\n","protected":false},"author":1,"featured_media":0,"parent":87,"menu_order":4,"comment_status":"open","ping_status":"open","template":"","meta":[],"_links":{"self":[{"href":"http:\/\/birgits-blog.net\/index.php?rest_route=\/wp\/v2\/pages\/276"}],"collection":[{"href":"http:\/\/birgits-blog.net\/index.php?rest_route=\/wp\/v2\/pages"}],"about":[{"href":"http:\/\/birgits-blog.net\/index.php?rest_route=\/wp\/v2\/types\/page"}],"author":[{"embeddable":true,"href":"http:\/\/birgits-blog.net\/index.php?rest_route=\/wp\/v2\/users\/1"}],"replies":[{"embeddable":true,"href":"http:\/\/birgits-blog.net\/index.php?rest_route=%2Fwp%2Fv2%2Fcomments&post=276"}],"version-history":[{"count":1,"href":"http:\/\/birgits-blog.net\/index.php?rest_route=\/wp\/v2\/pages\/276\/revisions"}],"predecessor-version":[{"id":277,"href":"http:\/\/birgits-blog.net\/index.php?rest_route=\/wp\/v2\/pages\/276\/revisions\/277"}],"up":[{"embeddable":true,"href":"http:\/\/birgits-blog.net\/index.php?rest_route=\/wp\/v2\/pages\/87"}],"wp:attachment":[{"href":"http:\/\/birgits-blog.net\/index.php?rest_route=%2Fwp%2Fv2%2Fmedia&parent=276"}],"curies":[{"name":"wp","href":"https:\/\/api.w.org\/{rel}","templated":true}]}}