{"id":275,"date":"2011-11-01T18:47:51","date_gmt":"2011-11-01T16:47:51","guid":{"rendered":"http:\/\/birgits-blog.net\/?page_id=275"},"modified":"2012-06-02T19:47:07","modified_gmt":"2012-06-02T17:47:07","slug":"die-hauseigene-chacra","status":"publish","type":"page","link":"http:\/\/birgits-blog.net\/?page_id=275","title":{"rendered":"Die hauseigene Chacra"},"content":{"rendered":"<p>Ich fange mal mit der Hauptsache an, der Chacra des \u00d6kozentrums.<br \/>\nDie ist von der Wohnfl\u00e4che ein paar 500 Meter entfernt und liegt zwischen verfilztem Sekund\u00e4rwald und Chacras nicht \u00f6kologisch arbeitender Bauern. Das ist leider auch das Problem, denn anscheinend hat vor einigen Monaten ein Chacrador seine Parzelle abgebrannt und die des Nachbarn gleich mit: Unsere. So ziemlich die einzigen \u00fcberlebenden waren die Bananen mit ihren saftigen Sch\u00e4ften, die uns bei unserem ersten Besuch schon wieder ihre gr\u00fcnen Bl\u00e4tter entgegenstreckten, und das reihenweise. Wie ein Agroforst sah das nicht aus, eher wie eine h\u00fcbsche Monokultur.<br \/>\n<a href=\"http:\/\/birgits-blog.net\/wp-content\/uploads\/2011\/11\/Die-Chacra-am-Anfang.jpg\"><img loading=\"lazy\" src=\"http:\/\/birgits-blog.net\/wp-content\/uploads\/2011\/11\/Die-Chacra-am-Anfang-300x225.jpg\" alt=\"\" title=\"Die Chacra am Anfang\" width=\"300\" height=\"225\" class=\"aligncenter size-medium wp-image-272\" srcset=\"http:\/\/birgits-blog.net\/wp-content\/uploads\/2011\/11\/Die-Chacra-am-Anfang-300x225.jpg 300w, http:\/\/birgits-blog.net\/wp-content\/uploads\/2011\/11\/Die-Chacra-am-Anfang-1024x768.jpg 1024w\" sizes=\"(max-width: 300px) 100vw, 300px\" \/><\/a><br \/>\nDas hei\u00dft also, dass wir praktisch die komplette Parzelle neu bepflanzen m\u00fcssen, was doch einiges an Arbeit bedeutet. Ein bisschen was Positives gibt es aber doch an der Sache: Wir m\u00fcssen eine komplette Parzelle neu bepflanzen. Wir sind also praktisch von Anfang an dabei, s\u00e4hen kleine Str\u00e4ucher und gro\u00dfe B\u00e4ume und k\u00f6nnen zusehen, wie \u201eunsere\u201c Chacra entsteht und alles w\u00e4chst. Ich werde immer wenn es sich lohnt mal wieder neue Bilder machen und sie hier reinstellen, dann k\u00f6nnt ihr den Fortschritt ein bisschen mitverfolgen, wenn es euch interessiert.<br \/>\nAngefangen haben wir, wie k\u00f6nnte es auch anders sein, mit einer Reihe \u2013 Bananen. Die Reihen standen n\u00e4mlich recht weit auseinander und Bananen wachsen rasch und spenden Schatten. W\u00e4hrend wir die alten Bananenstauden also von vertrockneten Bl\u00e4ttern und vom Feuer zu stark angegriffenen Sch\u00e4ften befreiten, um Ungeziefer keine Angriffsfl\u00e4che zu geben, trennten wir auch ein paar junge Triebe ab, um sie einzupflanzen. Alles mit der Machete, versteht sich. Das ist wirklich ein Wunderwerkzeug.<br \/>\nWegen des st\u00e4ndigen Regens begann nun leider auch das Unkraut zu sprie\u00dfen. Und das ist die eigentliche Drecksarbeit \u2013 das Machetieren (Felix und ich haben lange \u00fcber dieses Wort nachgedacht und ja es klingt komisch aber was besseres viel uns nicht ein. Im Spanischen hei\u00dft es \u201emachetear\u201c). Man ist also stundenlang damit besch\u00e4ftigt, mit dem d\u00fcnnen, geschliffenen Metallblech \u00fcber das Feld zu gehen und die st\u00f6renden Pflanzen klein zu hauen.<br \/>\nHin und wieder wird das dann mal unterbrochen, um einen Schluck Wasser zu trinken und die Machete \u00fcber den Schleifstein zu ziehen. Das ist am Anfang eigentlich ganz witzig, aber auch sehr anstrengend und sp\u00e4testens nach zwei Stunden sind wir europ\u00e4ischen Softis dann meist platt. Wir hoffen aber, dass wir das in ein paar Wochen nicht mehr so oft machen m\u00fcssen. Hier und da wachsen n\u00e4mlich schon die bodendeckenden Leguminosen die das Unkraut zur\u00fcck halten sollen und auch das Ges\u00e4te ist schon flei\u00dfig am keimen.<br \/>\nUnd das ist nicht wenig. Angefangen haben wir mit einigen Reihen strauchartig wachsenden H\u00fclsenfr\u00fcchten. Zwischen die Bananenstauden kamen Papayas, die wachsen n\u00e4mlich gerade nach oben und sind ein bisschen Palmenartig, weswegen sie wenig Platz brauchen. An den verkohlten \u00dcberresten der alten B\u00e4ume sollen erst mal rankende Bohnen hoch wachsen und \u201ePapas Aireas\u201c, bei denen ich meinen Augen nicht traute \u2013 das ist eine Art Kartoffel, die Ranken bildet und deren Knollen in der Luft wachsen. Au\u00dferdem s\u00e4ten wir dann noch scheinbar kreuz und quer Melonen und noch mehr Bohnen, an die ich mich im Detail gar nicht mehr erinnern kann.<br \/>\nDen s\u00fc\u00dfen Aj\u00ed (Paprika sehr \u00e4hnlich, nur viel kleiner) haben wir extra gepflanzt, um ihn vor Sonne, Ameisen und Schnecken zu sch\u00fctzen. Dazu haben wir die Erde auf einem kleinen St\u00fcck neben der Chacra mit Kohle und Holzresten eines halb verrotteten Stammes angereichert, die kleinen Samen darein gestreut und das ganze angefeuchtet. Zum Schutz vor hungrigen Viechern kam da dann doch ein Kohlepfad drum herum und zu guter letzt ein paar Bananenbl\u00e4tter als Sonnenschutz. So sah das Ganze dann aus:<br \/>\n<a href=\"http:\/\/birgits-blog.net\/wp-content\/uploads\/2011\/11\/Ajisaat.jpg\"><img loading=\"lazy\" src=\"http:\/\/birgits-blog.net\/wp-content\/uploads\/2011\/11\/Ajisaat-300x225.jpg\" alt=\"\" title=\"Ajisaat\" width=\"300\" height=\"225\" class=\"aligncenter size-medium wp-image-303\" srcset=\"http:\/\/birgits-blog.net\/wp-content\/uploads\/2011\/11\/Ajisaat-300x225.jpg 300w, http:\/\/birgits-blog.net\/wp-content\/uploads\/2011\/11\/Ajisaat-1024x768.jpg 1024w, http:\/\/birgits-blog.net\/wp-content\/uploads\/2011\/11\/Ajisaat.jpg 1600w\" sizes=\"(max-width: 300px) 100vw, 300px\" \/><\/a><br \/>\nSoweit sind wir bis jetzt. Mal sehen, was als n\u00e4chstes kommt.<\/p>\n<p>-._.-._.-._.-<\/p>\n<p>Tja gut, mein Plan st\u00e4ndig mal Fotos zu machen und hier rein zu stellen iste in bisschen in die Hose gegangen. Richtig entwickelt hat sie sich aber auch erst in den letzten Wochen, als gegen Ende der Regenzeit alles herrlich wuchs und wir wieder richtig viel Zeit auf der Chacra verbrachten. Und wir waren wirklich fleissig, das kann man nicht anders sagen. Und wo wir zwischendurch mal an dem Sinn und Zweck unseres Projektes zweifelten sind wir nun wirklich stolz auf unsere wundersch\u00f6ne Chacra, auch wenn wir wissen, dass das meiste wohl Luis gemacht hat und zu einer richtig guten \u00f6kologischen Chacra noch einiges fehlt.<br \/>\nNaja, ich habe einfach mal einen kleinen Bildband zusammengetragen und hoffe, es gef\u00e4llt euch.<br \/>\nDie Chacra, endlich (ein geordnetes) Gr\u00fcn.<br \/>\n<a href=\"http:\/\/birgits-blog.net\/wp-content\/uploads\/2012\/05\/1-Die-Chacra-Gruen.jpg\"><img loading=\"lazy\" src=\"http:\/\/birgits-blog.net\/wp-content\/uploads\/2012\/05\/1-Die-Chacra-Gruen-300x225.jpg\" alt=\"\" title=\"Die Chacra - Gr\u00fcn\" width=\"300\" height=\"225\" class=\"aligncenter size-medium wp-image-481\" \/><\/a><br \/>\nGut erkennbare Reihen, hier mit Yuka<br \/>\n<a href=\"http:\/\/birgits-blog.net\/wp-content\/uploads\/2012\/05\/2-gut-erkennbare-Reihen-hier-mit-Yuka.jpg\"><img loading=\"lazy\" src=\"http:\/\/birgits-blog.net\/wp-content\/uploads\/2012\/05\/2-gut-erkennbare-Reihen-hier-mit-Yuka-300x225.jpg\" alt=\"\" title=\"gut erkennbare Reihen, hier mit Yuka\" width=\"300\" height=\"225\" class=\"aligncenter size-medium wp-image-482\" srcset=\"http:\/\/birgits-blog.net\/wp-content\/uploads\/2012\/05\/2-gut-erkennbare-Reihen-hier-mit-Yuka-300x225.jpg 300w, http:\/\/birgits-blog.net\/wp-content\/uploads\/2012\/05\/2-gut-erkennbare-Reihen-hier-mit-Yuka-1024x768.jpg 1024w\" sizes=\"(max-width: 300px) 100vw, 300px\" \/><\/a><br \/>\n<a href=\"http:\/\/birgits-blog.net\/wp-content\/uploads\/2012\/05\/2.1-noch-mehr-Yuka.jpg\"><img loading=\"lazy\" src=\"http:\/\/birgits-blog.net\/wp-content\/uploads\/2012\/05\/2.1-noch-mehr-Yuka-300x225.jpg\" alt=\"\" title=\"noch mehr Yuka\" width=\"300\" height=\"225\" class=\"aligncenter size-medium wp-image-483\" srcset=\"http:\/\/birgits-blog.net\/wp-content\/uploads\/2012\/05\/2.1-noch-mehr-Yuka-300x225.jpg 300w, http:\/\/birgits-blog.net\/wp-content\/uploads\/2012\/05\/2.1-noch-mehr-Yuka-1024x768.jpg 1024w\" sizes=\"(max-width: 300px) 100vw, 300px\" \/><\/a><br \/>\nAber auch die Artenvielfalt entwickelt sich langsam. Hier Steht zwischen den Bananen eine Papaya und hinter dem Yuka ein Cacao.<br \/>\n<a href=\"http:\/\/birgits-blog.net\/wp-content\/uploads\/2012\/05\/3-mehr-Artenvielfalt.jpg\"><img loading=\"lazy\" src=\"http:\/\/birgits-blog.net\/wp-content\/uploads\/2012\/05\/3-mehr-Artenvielfalt-300x225.jpg\" alt=\"\" title=\"mehr Artenvielfalt\" width=\"300\" height=\"225\" class=\"aligncenter size-medium wp-image-484\" srcset=\"http:\/\/birgits-blog.net\/wp-content\/uploads\/2012\/05\/3-mehr-Artenvielfalt-300x225.jpg 300w, http:\/\/birgits-blog.net\/wp-content\/uploads\/2012\/05\/3-mehr-Artenvielfalt-1024x768.jpg 1024w\" sizes=\"(max-width: 300px) 100vw, 300px\" \/><\/a><br \/>\nDie Papayas kriegen schon Fr\u00fcchte.<br \/>\n<a href=\"http:\/\/birgits-blog.net\/wp-content\/uploads\/2012\/05\/4-Papaya.jpg\"><img loading=\"lazy\" src=\"http:\/\/birgits-blog.net\/wp-content\/uploads\/2012\/05\/4-Papaya-300x225.jpg\" alt=\"\" title=\"Papaya\" width=\"300\" height=\"225\" class=\"aligncenter size-medium wp-image-485\" srcset=\"http:\/\/birgits-blog.net\/wp-content\/uploads\/2012\/05\/4-Papaya-300x225.jpg 300w, http:\/\/birgits-blog.net\/wp-content\/uploads\/2012\/05\/4-Papaya-1024x768.jpg 1024w\" sizes=\"(max-width: 300px) 100vw, 300px\" \/><\/a><br \/>\nDer Mais w\u00e4chst.<br \/>\n<a href=\"http:\/\/birgits-blog.net\/wp-content\/uploads\/2012\/05\/4.1-Yupie-Mais.jpg\"><img loading=\"lazy\" src=\"http:\/\/birgits-blog.net\/wp-content\/uploads\/2012\/05\/4.1-Yupie-Mais-225x300.jpg\" alt=\"\" title=\"Yupie, Mais\" width=\"225\" height=\"300\" class=\"aligncenter size-medium wp-image-486\" srcset=\"http:\/\/birgits-blog.net\/wp-content\/uploads\/2012\/05\/4.1-Yupie-Mais-225x300.jpg 225w, http:\/\/birgits-blog.net\/wp-content\/uploads\/2012\/05\/4.1-Yupie-Mais-768x1024.jpg 768w\" sizes=\"(max-width: 225px) 100vw, 225px\" \/><\/a><br \/>\nUnd der Kudz\u00fa bl\u00fcht. \u2026 oder war es doch Mucuna?<br \/>\n<a href=\"http:\/\/birgits-blog.net\/wp-content\/uploads\/2012\/05\/5-Kudzubluete.jpg\"><img loading=\"lazy\" src=\"http:\/\/birgits-blog.net\/wp-content\/uploads\/2012\/05\/5-Kudzubluete-225x300.jpg\" alt=\"\" title=\"5 Kudz\u00fabl\u00fcte\" width=\"225\" height=\"300\" class=\"aligncenter size-medium wp-image-487\" \/><\/a><br \/>\nNaja, ganz so geordnet ist es dann doch nicht \u00fcberall.<br \/>\n<a href=\"http:\/\/birgits-blog.net\/wp-content\/uploads\/2012\/05\/6-naja-nicht-zu-geordnet.jpg\"><img loading=\"lazy\" src=\"http:\/\/birgits-blog.net\/wp-content\/uploads\/2012\/05\/6-naja-nicht-zu-geordnet-300x225.jpg\" alt=\"\" title=\"naja, nicht zu geordnet\" width=\"300\" height=\"225\" class=\"aligncenter size-medium wp-image-488\" srcset=\"http:\/\/birgits-blog.net\/wp-content\/uploads\/2012\/05\/6-naja-nicht-zu-geordnet-300x225.jpg 300w, http:\/\/birgits-blog.net\/wp-content\/uploads\/2012\/05\/6-naja-nicht-zu-geordnet-1024x768.jpg 1024w\" sizes=\"(max-width: 300px) 100vw, 300px\" \/><\/a><br \/>\nHier pflanzen wir gerade Shimbillos, grosse schattenspendende Leguminosen, zu grobdeutsch: Bohnenb\u00e4ume<br \/>\n<a href=\"http:\/\/birgits-blog.net\/wp-content\/uploads\/2012\/05\/7-beim-Pflanzen.jpg\"><img loading=\"lazy\" src=\"http:\/\/birgits-blog.net\/wp-content\/uploads\/2012\/05\/7-beim-Pflanzen-300x225.jpg\" alt=\"\" title=\"beim Pflanzen\" width=\"300\" height=\"225\" class=\"aligncenter size-medium wp-image-489\" srcset=\"http:\/\/birgits-blog.net\/wp-content\/uploads\/2012\/05\/7-beim-Pflanzen-300x225.jpg 300w, http:\/\/birgits-blog.net\/wp-content\/uploads\/2012\/05\/7-beim-Pflanzen-1024x768.jpg 1024w\" sizes=\"(max-width: 300px) 100vw, 300px\" \/><\/a><br \/>\nWir dringen in die Randbereiche der Chacra vor:<br \/>\n<a href=\"http:\/\/birgits-blog.net\/wp-content\/uploads\/2012\/05\/gegen-Ende.jpg\"><img loading=\"lazy\" src=\"http:\/\/birgits-blog.net\/wp-content\/uploads\/2012\/05\/gegen-Ende-225x300.jpg\" alt=\"\" title=\"gegen Ende\" width=\"225\" height=\"300\" class=\"aligncenter size-medium wp-image-491\" srcset=\"http:\/\/birgits-blog.net\/wp-content\/uploads\/2012\/05\/gegen-Ende-225x300.jpg 225w, http:\/\/birgits-blog.net\/wp-content\/uploads\/2012\/05\/gegen-Ende-768x1024.jpg 768w\" sizes=\"(max-width: 225px) 100vw, 225px\" \/><\/a><br \/>\n<a href=\"http:\/\/birgits-blog.net\/wp-content\/uploads\/2012\/05\/unbearbeiteter-Chacrateil.jpg\"><img loading=\"lazy\" src=\"http:\/\/birgits-blog.net\/wp-content\/uploads\/2012\/05\/unbearbeiteter-Chacrateil-300x225.jpg\" alt=\"\" title=\"noch unbearbeiteter Chacrateil\" width=\"300\" height=\"225\" class=\"aligncenter size-medium wp-image-492\" srcset=\"http:\/\/birgits-blog.net\/wp-content\/uploads\/2012\/05\/unbearbeiteter-Chacrateil-300x225.jpg 300w, http:\/\/birgits-blog.net\/wp-content\/uploads\/2012\/05\/unbearbeiteter-Chacrateil-1024x768.jpg 1024w\" sizes=\"(max-width: 300px) 100vw, 300px\" \/><\/a><br \/>\nDer hintere, unbearbeitete Teil der Chacra. Vor l\u00e4ngerem durch ein unbeabsichtigtes Feuer entbaumt aber an sonsten in Ruhe gelassen. Mittlerweile haben wir aber doch was gemacht und nun spriessen dort kleine Gem\u00fcsepflanzen, die nicht so lange brauchen. Zum Beispiel Tomaten. Das urspr\u00fcnglich dort wachsende Bohnenzeugs haben wir nur kleingehackt und liegengelassen. So sch\u00fctzt es den Boden vor dem Austrocknen und dient als D\u00fcnger.<br \/>\n<a href=\"http:\/\/birgits-blog.net\/wp-content\/uploads\/2012\/06\/der-hintere-Teil-der-Chacra-jetzt.png\"><img loading=\"lazy\" src=\"http:\/\/birgits-blog.net\/wp-content\/uploads\/2012\/06\/der-hintere-Teil-der-Chacra-jetzt-300x224.png\" alt=\"\" title=\"der hintere Teil der Chacra jetzt\" width=\"300\" height=\"224\" class=\"aligncenter size-medium wp-image-509\" srcset=\"http:\/\/birgits-blog.net\/wp-content\/uploads\/2012\/06\/der-hintere-Teil-der-Chacra-jetzt-300x224.png 300w, http:\/\/birgits-blog.net\/wp-content\/uploads\/2012\/06\/der-hintere-Teil-der-Chacra-jetzt.png 785w\" sizes=\"(max-width: 300px) 100vw, 300px\" \/><\/a><br \/>\nZum Schluss noch etwas kurioses, was uns bei der Aufzucht von Cacaopflanzen f\u00fcr die Chacra in die H\u00e4nde viel: Albinopfl\u00e4nzchen. Einer der B\u00e4ume, von dem die Samen stammten, hatte wohl ein Gendeffekt, was die Pikmentbildung verhindert. Leider ist das bei Pflanzen noch ein bisschen ung\u00fcnstiger als bei Menschen und Tieren, denn wer in Bio gut aufgepasst hat, weiss, dass Pflanzen ohne Chlorophyll nicht lebensf\u00e4hig sind. Sie sind leider alle schnell in der Entwicklung zur\u00fcckgeblieben. Andersherum aber um so faszinierender, dass bis hier hin tats\u00e4chlich alle Energie aus dem Samen selbst stammt.<br \/>\n<a href=\"http:\/\/birgits-blog.net\/wp-content\/uploads\/2012\/05\/ein-AlbinoCacao.jpg\"><img loading=\"lazy\" src=\"http:\/\/birgits-blog.net\/wp-content\/uploads\/2012\/05\/ein-AlbinoCacao-225x300.jpg\" alt=\"\" title=\"ein AlbinoCacao\" width=\"225\" height=\"300\" class=\"aligncenter size-medium wp-image-490\" srcset=\"http:\/\/birgits-blog.net\/wp-content\/uploads\/2012\/05\/ein-AlbinoCacao-225x300.jpg 225w, http:\/\/birgits-blog.net\/wp-content\/uploads\/2012\/05\/ein-AlbinoCacao-768x1024.jpg 768w, http:\/\/birgits-blog.net\/wp-content\/uploads\/2012\/05\/ein-AlbinoCacao.jpg 1200w\" sizes=\"(max-width: 225px) 100vw, 225px\" \/><\/a><br \/>\nWas wir in der n\u00e4chsten Zeit in Angriff nehmen m\u00fcssen ist das Pflanzen von Palmen. Die sorgen n\u00e4mlich f\u00fcr Schwefeleintrag, \u00e4hnlich, wie die Leguminosen f\u00fcr Stickstoff sorgen.<br \/>\nSo weit also liebe Gr\u00fcsse und bis bald!<\/p>\n","protected":false},"excerpt":{"rendered":"<p>Ich fange mal mit der Hauptsache an, der Chacra des \u00d6kozentrums. Die ist von der Wohnfl\u00e4che ein paar 500 Meter entfernt und liegt zwischen verfilztem Sekund\u00e4rwald und Chacras nicht \u00f6kologisch arbeitender Bauern. Das ist leider auch das Problem, denn anscheinend hat vor einigen Monaten ein Chacrador seine Parzelle abgebrannt und die des Nachbarn gleich mit: [&hellip;]<\/p>\n","protected":false},"author":1,"featured_media":0,"parent":87,"menu_order":1,"comment_status":"closed","ping_status":"open","template":"","meta":[],"_links":{"self":[{"href":"http:\/\/birgits-blog.net\/index.php?rest_route=\/wp\/v2\/pages\/275"}],"collection":[{"href":"http:\/\/birgits-blog.net\/index.php?rest_route=\/wp\/v2\/pages"}],"about":[{"href":"http:\/\/birgits-blog.net\/index.php?rest_route=\/wp\/v2\/types\/page"}],"author":[{"embeddable":true,"href":"http:\/\/birgits-blog.net\/index.php?rest_route=\/wp\/v2\/users\/1"}],"replies":[{"embeddable":true,"href":"http:\/\/birgits-blog.net\/index.php?rest_route=%2Fwp%2Fv2%2Fcomments&post=275"}],"version-history":[{"count":8,"href":"http:\/\/birgits-blog.net\/index.php?rest_route=\/wp\/v2\/pages\/275\/revisions"}],"predecessor-version":[{"id":514,"href":"http:\/\/birgits-blog.net\/index.php?rest_route=\/wp\/v2\/pages\/275\/revisions\/514"}],"up":[{"embeddable":true,"href":"http:\/\/birgits-blog.net\/index.php?rest_route=\/wp\/v2\/pages\/87"}],"wp:attachment":[{"href":"http:\/\/birgits-blog.net\/index.php?rest_route=%2Fwp%2Fv2%2Fmedia&parent=275"}],"curies":[{"name":"wp","href":"https:\/\/api.w.org\/{rel}","templated":true}]}}