{"id":119,"date":"2011-08-24T19:44:07","date_gmt":"2011-08-24T17:44:07","guid":{"rendered":"http:\/\/birgits-blog.net\/?page_id=119"},"modified":"2011-08-24T19:46:53","modified_gmt":"2011-08-24T17:46:53","slug":"effektive-mikroorganismen","status":"publish","type":"page","link":"http:\/\/birgits-blog.net\/?page_id=119","title":{"rendered":"Effektive Mikroorganismen"},"content":{"rendered":"<p><em>Auch dieses Thema ist noch nicht abgeschlossen, soll aber einen weiteren kleinen Einblick in die \u201e\u00d6kosubkultur\u201c geben. Das hei\u00dft, es handelt sich nur um eine wie ich fand recht interessante Idee, auf die ich vor einiger Zeit gesto\u00dfen bin und keines Falls um ein popul\u00e4res wissenschaftliches Thema.<br \/>\n<\/em><\/p>\n<p>Bei effektiven Mikroorganismen, kurz EM, handelt es sich um eine Zusammenstellung verschiedener Kleinstlebewesen wie u.a. Milchs\u00e4urebakterien und Hefen, die z.B. bei der Kompostierung eingesetzt wird und durch das Zusammenspiel der verschiedenen Arten einen besonders guten D\u00fcnger liefern soll. Das organische Material fault dabei nicht sondern wird vermentiert.<\/p>\n<p>Der Grundgedanke und die Geschichte von EM sind auf Wikipedia so gut erkl\u00e4rt, dass ich mir nicht die M\u00fche machen wollte hier noch mal einen eigenen Text zu schreiben, daher hier einfach nur der Link: http:\/\/de.wikipedia.org\/wiki\/Effektive_Mikroorganismen<\/p>\n","protected":false},"excerpt":{"rendered":"<p>Auch dieses Thema ist noch nicht abgeschlossen, soll aber einen weiteren kleinen Einblick in die \u201e\u00d6kosubkultur\u201c geben. Das hei\u00dft, es handelt sich nur um eine wie ich fand recht interessante Idee, auf die ich vor einiger Zeit gesto\u00dfen bin und keines Falls um ein popul\u00e4res wissenschaftliches Thema. Bei effektiven Mikroorganismen, kurz EM, handelt es sich [&hellip;]<\/p>\n","protected":false},"author":1,"featured_media":0,"parent":89,"menu_order":9,"comment_status":"open","ping_status":"open","template":"","meta":[],"_links":{"self":[{"href":"http:\/\/birgits-blog.net\/index.php?rest_route=\/wp\/v2\/pages\/119"}],"collection":[{"href":"http:\/\/birgits-blog.net\/index.php?rest_route=\/wp\/v2\/pages"}],"about":[{"href":"http:\/\/birgits-blog.net\/index.php?rest_route=\/wp\/v2\/types\/page"}],"author":[{"embeddable":true,"href":"http:\/\/birgits-blog.net\/index.php?rest_route=\/wp\/v2\/users\/1"}],"replies":[{"embeddable":true,"href":"http:\/\/birgits-blog.net\/index.php?rest_route=%2Fwp%2Fv2%2Fcomments&post=119"}],"version-history":[{"count":3,"href":"http:\/\/birgits-blog.net\/index.php?rest_route=\/wp\/v2\/pages\/119\/revisions"}],"predecessor-version":[{"id":125,"href":"http:\/\/birgits-blog.net\/index.php?rest_route=\/wp\/v2\/pages\/119\/revisions\/125"}],"up":[{"embeddable":true,"href":"http:\/\/birgits-blog.net\/index.php?rest_route=\/wp\/v2\/pages\/89"}],"wp:attachment":[{"href":"http:\/\/birgits-blog.net\/index.php?rest_route=%2Fwp%2Fv2%2Fmedia&parent=119"}],"curies":[{"name":"wp","href":"https:\/\/api.w.org\/{rel}","templated":true}]}}