{"id":117,"date":"2011-08-24T19:40:50","date_gmt":"2011-08-24T17:40:50","guid":{"rendered":"http:\/\/birgits-blog.net\/?page_id=117"},"modified":"2011-08-24T19:40:50","modified_gmt":"2011-08-24T17:40:50","slug":"brandrodung","status":"publish","type":"page","link":"http:\/\/birgits-blog.net\/?page_id=117","title":{"rendered":"Brandrodung"},"content":{"rendered":"<p><strong>~ Warum sie so sch\u00e4dlich ist<\/strong><\/p>\n<p>Wie funktioniert Brandrodung eigentlich? Der Wikipediatext erkl\u00e4rt das sch\u00f6n verst\u00e4ndlich und kurz:<br \/>\n\u201eEine f\u00fcr landwirtschaftliche Produktion vorgesehene Fl\u00e4che wird zu Beginn der Trockenzeit oft manuell z. B. mit Macheten gerodet, was bei 40 Tonnen Trockenmasse je Hektar bis \u00fcber 80 Arbeitsstunden kosten kann. Sollen mehrj\u00e4hrige Pflanzen wie Maracuja oder Pfeffer angebaut werden, kommt zur Entfernung der oberirdischen Vegetation die Rodung der Wurzeln hinzu. Der Schlagabraum wird \u00fcber mehrere Wochen zum Trocknen liegen gelassen und schlie\u00dflich angesteckt.\u201c<\/p>\n<p>Folgen f\u00fcr den Boden:<br \/>\n=>\tDie Bodenfauna stirbt ab<br \/>\n=>\tDas organische Material wird verbrannt<br \/>\n=>\tRund 90% des Stickstoffs und rund 40% wertvoller Mineralien wie Kalium oder Magnesium entweichen in die Luft<br \/>\n=>\tDer Boden verdichtet sich, seine Struktur wird zerst\u00f6rt<br \/>\n==>\tEr kann Wasser nicht mehr aufnehmen<br \/>\nDes weiteren werden bei der Brandrodung gro\u00dfe Mengen von CO2 und anderen sch\u00e4dlichen Stoffen in die Atmosph\u00e4re gebracht.<\/p>\n<p>Die Asche dient zwar zur D\u00fcngung des Feldes, doch da die Regenwaldb\u00f6den allgemein nicht sehr fruchtbar sind (der weit gr\u00f6\u00dfere Teil der wertvollen Stoffe ist in der Biomasse gespeichert), wird das gerodete Land schon nach einigen Jahren praktisch unfruchtbar und es m\u00fcssen erneut Fl\u00e4chen gerodet werden. <\/p>\n<p>Einige L\u00f6sungsans\u00e4tze:<br \/>\n\u2022\tStatt die Biomasse zu verbrennen k\u00f6nnte man sie zerhexeln, also zu Mulch verarbeiten.<br \/>\n\u2022\tDurch das Anpflanzen von Leguminosen wird dem Boden wieder Stickstoff zugef\u00fchrt.<\/p>\n","protected":false},"excerpt":{"rendered":"<p>~ Warum sie so sch\u00e4dlich ist Wie funktioniert Brandrodung eigentlich? Der Wikipediatext erkl\u00e4rt das sch\u00f6n verst\u00e4ndlich und kurz: \u201eEine f\u00fcr landwirtschaftliche Produktion vorgesehene Fl\u00e4che wird zu Beginn der Trockenzeit oft manuell z. B. mit Macheten gerodet, was bei 40 Tonnen Trockenmasse je Hektar bis \u00fcber 80 Arbeitsstunden kosten kann. Sollen mehrj\u00e4hrige Pflanzen wie Maracuja oder [&hellip;]<\/p>\n","protected":false},"author":1,"featured_media":0,"parent":89,"menu_order":0,"comment_status":"open","ping_status":"open","template":"","meta":[],"_links":{"self":[{"href":"http:\/\/birgits-blog.net\/index.php?rest_route=\/wp\/v2\/pages\/117"}],"collection":[{"href":"http:\/\/birgits-blog.net\/index.php?rest_route=\/wp\/v2\/pages"}],"about":[{"href":"http:\/\/birgits-blog.net\/index.php?rest_route=\/wp\/v2\/types\/page"}],"author":[{"embeddable":true,"href":"http:\/\/birgits-blog.net\/index.php?rest_route=\/wp\/v2\/users\/1"}],"replies":[{"embeddable":true,"href":"http:\/\/birgits-blog.net\/index.php?rest_route=%2Fwp%2Fv2%2Fcomments&post=117"}],"version-history":[{"count":1,"href":"http:\/\/birgits-blog.net\/index.php?rest_route=\/wp\/v2\/pages\/117\/revisions"}],"predecessor-version":[{"id":118,"href":"http:\/\/birgits-blog.net\/index.php?rest_route=\/wp\/v2\/pages\/117\/revisions\/118"}],"up":[{"embeddable":true,"href":"http:\/\/birgits-blog.net\/index.php?rest_route=\/wp\/v2\/pages\/89"}],"wp:attachment":[{"href":"http:\/\/birgits-blog.net\/index.php?rest_route=%2Fwp%2Fv2%2Fmedia&parent=117"}],"curies":[{"name":"wp","href":"https:\/\/api.w.org\/{rel}","templated":true}]}}