{"id":114,"date":"2011-08-24T19:37:16","date_gmt":"2011-08-24T17:37:16","guid":{"rendered":"http:\/\/birgits-blog.net\/?page_id=114"},"modified":"2011-08-24T19:37:52","modified_gmt":"2011-08-24T17:37:52","slug":"machetes-verdes","status":"publish","type":"page","link":"http:\/\/birgits-blog.net\/?page_id=114","title":{"rendered":"Machetes Verdes"},"content":{"rendered":"<p><strong>~ Leguminosen als >>gr\u00fcne Macheten<<<\/strong><\/p>\n<p>\u201eLeguminosae\u201c ist eine andere Bezeichnung f\u00fcr die Familie der fabaceae oder H\u00fclsenfr\u00fcchtler. Die meisten von ihnen haben eine f\u00fcr die Landwirtschaft sehr n\u00fctzliche Eigenschaft: In ihren Wurzelkn\u00f6llchen gehen sie eine Symbiose mit Stickstofffixierenden Bakterien (Rhizobien) ein.*<br \/>\nEine Symbiose ist eine Lebensgemeinschaft von Individuen unterschiedlicher Arten, die f\u00fcr alle beteiligten vorteilhaft ist. Im Fall von Leguminose und Bakterien hei\u00dft das, die Leguminose bietet Energie und einen gesch\u00fctzten Ort mit optimaler Sauerstoffkonzentration an w\u00e4hrend die Bakterien elemtaren, d.h. reinen Stickstoff aus der Luft in Verbindungen umwandelt, die die Pflanze verarbeiten kann. Auch auf stickstoffarmen B\u00f6den ist so Wachstum m\u00f6glich.<\/p>\n<p>Diese Besonderheit hat Leguminosen f\u00fcr die Bewirtschaftung von B\u00f6den interessant gemacht.<br \/>\nIn Europa werden sie als Zwischenfrucht und zur Gr\u00fcnd\u00fcngung eingesetzt, f\u00fcr die \u00f6kologische Landwirtschaft in den Tropen sind sie sehr n\u00fctzlich, da sie sich gut in die Agroforstwirtschaft integrieren lassen.<\/p>\n<p>Leguminosen bieten folgende Vorteile f\u00fcr die Landwirtschaft:<br \/>\n=>\tSie reichern den Boden mit Stickstoff an<br \/>\n=>\tSie dienen als Bodendecker, die unerw\u00fcnschte Pflanzen \u00fcberwuchern und klein halten (dies hat ihnen unter den Bauern rund um Puerto Maldonado auch den Namen \u201eMachetes Verdes\u201c eingebracht)<br \/>\n=>\tDer Boden wird vor Erosion und Austrocknung gesch\u00fctzt<br \/>\n=>\tSie binden Mineralstoffe, die sonst unter Umst\u00e4nden ausgewaschen w\u00fcrden<br \/>\n=>\tJe nachdem, welche Art man anbaut, kann man sp\u00e4ter essbare H\u00fclsenfr\u00fcchte ernten<\/p>\n<p>~*+*~<\/p>\n<p>*Auch einzelne Arten einiger anderer Familien haben eine solche Symbiose entwickelt. Da sie aber kaum ins Gewicht fallen und f\u00fcr die Landwirtschaft nicht relevant sind wird in der Regel nur von leguminosae gesprochen. Mehr dazu hier: http:\/\/de.wikipedia.org\/wiki\/Rhizobien (unter Bedeutung der Symbiose)<\/p>\n","protected":false},"excerpt":{"rendered":"<p>~ Leguminosen als >>gr\u00fcne Macheten Sie dienen als Bodendecker, die unerw\u00fcnschte Pflanzen \u00fcberwuchern und klein halten (dies hat ihnen unter den Bauern rund um Puerto Maldonado auch den Namen \u201eMachetes Verdes\u201c eingebracht) => Der Boden wird vor Erosion und Austrocknung gesch\u00fctzt => Sie binden Mineralstoffe, die sonst unter Umst\u00e4nden ausgewaschen w\u00fcrden => Je nachdem, welche [&hellip;]<\/p>\n","protected":false},"author":1,"featured_media":0,"parent":89,"menu_order":0,"comment_status":"open","ping_status":"open","template":"","meta":[],"_links":{"self":[{"href":"http:\/\/birgits-blog.net\/index.php?rest_route=\/wp\/v2\/pages\/114"}],"collection":[{"href":"http:\/\/birgits-blog.net\/index.php?rest_route=\/wp\/v2\/pages"}],"about":[{"href":"http:\/\/birgits-blog.net\/index.php?rest_route=\/wp\/v2\/types\/page"}],"author":[{"embeddable":true,"href":"http:\/\/birgits-blog.net\/index.php?rest_route=\/wp\/v2\/users\/1"}],"replies":[{"embeddable":true,"href":"http:\/\/birgits-blog.net\/index.php?rest_route=%2Fwp%2Fv2%2Fcomments&post=114"}],"version-history":[{"count":2,"href":"http:\/\/birgits-blog.net\/index.php?rest_route=\/wp\/v2\/pages\/114\/revisions"}],"predecessor-version":[{"id":116,"href":"http:\/\/birgits-blog.net\/index.php?rest_route=\/wp\/v2\/pages\/114\/revisions\/116"}],"up":[{"embeddable":true,"href":"http:\/\/birgits-blog.net\/index.php?rest_route=\/wp\/v2\/pages\/89"}],"wp:attachment":[{"href":"http:\/\/birgits-blog.net\/index.php?rest_route=%2Fwp%2Fv2%2Fmedia&parent=114"}],"curies":[{"name":"wp","href":"https:\/\/api.w.org\/{rel}","templated":true}]}}